{"id":2914,"date":"2026-04-16T18:09:09","date_gmt":"2026-04-16T17:09:09","guid":{"rendered":"https:\/\/matscofood.ma\/?post_type=product&#038;p=2914"},"modified":"2026-04-17T16:02:31","modified_gmt":"2026-04-17T15:02:31","slug":"emince-poulet-tandoori-sauce-tandoori","status":"publish","type":"product","link":"https:\/\/matscofood.ma\/ar\/product\/emince-poulet-tandoori-sauce-tandoori\/","title":{"rendered":"Eminc\u00e9 Poulet Tandoori (Sauce Tandoori)"},"content":{"rendered":"<p>Eminc\u00e9 de poulet tandoori avec sauce tandoori &#8211; L\u00e9gumes Saut\u00e9, Riz<\/p>","protected":false},"excerpt":{"rendered":"<p>Eminc\u00e9 de poulet tandoori avec sauce tandoori &#8211; L\u00e9gumes Saut\u00e9, Riz<\/p>","protected":false},"featured_media":3152,"template":"","meta":[],"product_brand":[],"product_cat":[57],"product_tag":[],"class_list":{"0":"post-2914","1":"product","2":"type-product","3":"status-publish","4":"has-post-thumbnail","6":"product_cat-plats","8":"first","9":"instock","10":"shipping-taxable","11":"purchasable","12":"product-type-simple"},"_links":{"self":[{"href":"https:\/\/matscofood.ma\/ar\/wp-json\/wp\/v2\/product\/2914","targetHints":{"allow":["GET"]}}],"collection":[{"href":"https:\/\/matscofood.ma\/ar\/wp-json\/wp\/v2\/product"}],"about":[{"href":"https:\/\/matscofood.ma\/ar\/wp-json\/wp\/v2\/types\/product"}],"wp:featuredmedia":[{"embeddable":true,"href":"https:\/\/matscofood.ma\/ar\/wp-json\/wp\/v2\/media\/3152"}],"wp:attachment":[{"href":"https:\/\/matscofood.ma\/ar\/wp-json\/wp\/v2\/media?parent=2914"}],"wp:term":[{"taxonomy":"product_brand","embeddable":true,"href":"https:\/\/matscofood.ma\/ar\/wp-json\/wp\/v2\/product_brand?post=2914"},{"taxonomy":"product_cat","embeddable":true,"href":"https:\/\/matscofood.ma\/ar\/wp-json\/wp\/v2\/product_cat?post=2914"},{"taxonomy":"product_tag","embeddable":true,"href":"https:\/\/matscofood.ma\/ar\/wp-json\/wp\/v2\/product_tag?post=2914"}],"curies":[{"name":"wp","href":"https:\/\/api.w.org\/{rel}","templated":true}]}}